{"id":433,"date":"2014-12-17T22:58:03","date_gmt":"2014-12-17T22:58:03","guid":{"rendered":"http:\/\/solucion-maestra.com\/rayosx\/?page_id=84"},"modified":"2025-05-21T03:33:26","modified_gmt":"2025-05-21T01:33:26","slug":"densitometria-osea","status":"publish","type":"page","link":"https:\/\/rayosxdeoccidente.com\/index.php\/densitometria-osea\/","title":{"rendered":"Densitometr\u00eda Osea"},"content":{"rendered":"\n<div class=\"margen\">\n<h3>Densitometr\u00eda \u00d3sea<\/h3>\n<p><img decoding=\"async\" src=\"http:\/\/rayosxdeoccidente.com\/wp-content\/uploads\/2014\/12\/linea.jpg\" alt=\"\" \/><br \/><img loading=\"lazy\" decoding=\"async\" class=\"alignnone size-full wp-image-1198\" src=\"https:\/\/rayosxdeoccidente.com\/wp-content\/uploads\/2025\/05\/descarga-11.jpeg\" alt=\"\" width=\"300\" height=\"168\" \/><\/p>\n<p align=\"justify\">La Densitometr\u00eda \u00f3sea es una t\u00e9cnica diagn\u00f3stica que permite medir la densidad mineral del hueso; es decir, su contenido en calcio, por medio de los rayos X. Constituye la principal herramienta diagn\u00f3stica utilizada en la Osteoporosis, permitiendo determinar el riesgo de sufrir fracturas \u00f3seas. Esta prueba puede servir para valorar la salud \u00f3sea, para llevar el control de la p\u00e9rdida \u00f3sea o la respuesta al tratamiento y para detectar la osteoporosis en su etapa m\u00e1s precoz e instaurar un tratamiento preventivo.<\/p>\n<p align=\"justify\">El paciente debe suspender el insumo de calcio desde ocho (8) d\u00edas antes, debe traer estudios previos de Densitometr\u00eda, y venir con ropa c\u00f3moda.<\/p>\n<\/div>\n\n","protected":false},"excerpt":{"rendered":"<p>Densitometr\u00eda \u00d3sea La Densitometr\u00eda \u00f3sea es una t\u00e9cnica diagn\u00f3stica que permite medir la densidad mineral del hueso; es decir, su contenido en calcio, por medio de los rayos X. Constituye la principal herramienta diagn\u00f3stica utilizada en la Osteoporosis, permitiendo determinar el riesgo de sufrir fracturas \u00f3seas. Esta prueba puede servir para valorar la salud \u00f3sea, [&#8230;]\n","protected":false},"author":1,"featured_media":0,"parent":0,"menu_order":0,"comment_status":"open","ping_status":"closed","template":"","meta":{"_joinchat":[],"footnotes":""},"class_list":["post-433","page","type-page","status-publish","hentry"],"_links":{"self":[{"href":"https:\/\/rayosxdeoccidente.com\/index.php\/wp-json\/wp\/v2\/pages\/433","targetHints":{"allow":["GET"]}}],"collection":[{"href":"https:\/\/rayosxdeoccidente.com\/index.php\/wp-json\/wp\/v2\/pages"}],"about":[{"href":"https:\/\/rayosxdeoccidente.com\/index.php\/wp-json\/wp\/v2\/types\/page"}],"author":[{"embeddable":true,"href":"https:\/\/rayosxdeoccidente.com\/index.php\/wp-json\/wp\/v2\/users\/1"}],"replies":[{"embeddable":true,"href":"https:\/\/rayosxdeoccidente.com\/index.php\/wp-json\/wp\/v2\/comments?post=433"}],"version-history":[{"count":1,"href":"https:\/\/rayosxdeoccidente.com\/index.php\/wp-json\/wp\/v2\/pages\/433\/revisions"}],"predecessor-version":[{"id":1199,"href":"https:\/\/rayosxdeoccidente.com\/index.php\/wp-json\/wp\/v2\/pages\/433\/revisions\/1199"}],"wp:attachment":[{"href":"https:\/\/rayosxdeoccidente.com\/index.php\/wp-json\/wp\/v2\/media?parent=433"}],"curies":[{"name":"wp","href":"https:\/\/api.w.org\/{rel}","templated":true}]}}