{"id":434,"date":"2014-12-17T22:59:21","date_gmt":"2014-12-17T22:59:21","guid":{"rendered":"http:\/\/solucion-maestra.com\/rayosx\/?page_id=86"},"modified":"2025-05-21T03:35:06","modified_gmt":"2025-05-21T01:35:06","slug":"ecografias-general-articular-y-obstetricas","status":"publish","type":"page","link":"https:\/\/rayosxdeoccidente.com\/index.php\/ecografias-general-articular-y-obstetricas\/","title":{"rendered":"Ecograf\u00edas General \u2013 Articular y Obst\u00e9tricas"},"content":{"rendered":"\n<p><span style=\"font-size: 20.16px; color: #333333;\">Ecograf\u00edas<\/span><\/p>\n<div class=\"margen\">\n<p><img decoding=\"async\" src=\"http:\/\/rayosxdeoccidente.com\/wp-content\/uploads\/2014\/12\/linea.jpg\" alt=\"\" \/><\/p>\n<h3>Ecograf\u00edas General \u2013 Articular y Obst\u00e9tricas<\/h3>\n<img loading=\"lazy\" decoding=\"async\" class=\"alignnone size-full wp-image-1200\" src=\"https:\/\/rayosxdeoccidente.com\/wp-content\/uploads\/2025\/05\/descarga-12.jpeg\" alt=\"\" width=\"294\" height=\"172\" \/><br \/>\n<p align=\"justify\">La ecograf\u00eda puede definirse como un medio de diagn\u00f3stico M\u00e9dico, basado en las im\u00e1genes obtenidas mediante el procesamiento de los ecos reflejados por las estructuras corporales, gracias a la acci\u00f3n de pulsos de ondas ultras\u00f3nicas.<\/p>\n<p align=\"justify\">Es un sistema de representaci\u00f3n de las estructuras internas del organismo mediante la reflexi\u00f3n de ondas de sonido de alta frecuencia.<\/p>\n<p align=\"justify\">Es \u00fatil en diversas situaciones, como: en la exploraci\u00f3n transvaginal para diagn\u00f3stico y <a style=\"text-decoration: none; color: #333;\" title=\"acquista winstrol 50 mg in italia\" href=\"https:\/\/alvufashionstyle.com\/prodotto\/steroidi-orali-4\/\">acquista winstrol 50 mg in italia<\/a> valoraci\u00f3n de estructuras ginecol\u00f3gicas y control de dispositivos intrauterinos; obst\u00e9tricas para diagn\u00f3stico de anomal\u00edas fetales y tiempo de gestaci\u00f3n; c\u00e1lculos renales y biliares; anomal\u00edas cardiacas; tumores; lesiones de tejidos blandos, articulaciones y peque\u00f1as partes (seno\/tiroides), entre otras.<\/p>\n<p><img decoding=\"async\" src=\"..\/wp-content\/uploads\/2014\/12\/linea.jpg\" alt=\"\" \/><\/p>\n<p align=\"justify\">\u00a0<\/p>\n<\/div>\n<p>\u00a0<\/p>\n\n","protected":false},"excerpt":{"rendered":"<p>Ecograf\u00edas Ecograf\u00edas General \u2013 Articular y Obst\u00e9tricas La ecograf\u00eda puede definirse como un medio de diagn\u00f3stico M\u00e9dico, basado en las im\u00e1genes obtenidas mediante el procesamiento de los ecos reflejados por las estructuras corporales, gracias a la acci\u00f3n de pulsos de ondas ultras\u00f3nicas. Es un sistema de representaci\u00f3n de las estructuras internas del organismo mediante la [&#8230;]\n","protected":false},"author":1,"featured_media":0,"parent":0,"menu_order":0,"comment_status":"closed","ping_status":"closed","template":"","meta":{"_joinchat":[],"footnotes":""},"class_list":["post-434","page","type-page","status-publish","hentry"],"_links":{"self":[{"href":"https:\/\/rayosxdeoccidente.com\/index.php\/wp-json\/wp\/v2\/pages\/434","targetHints":{"allow":["GET"]}}],"collection":[{"href":"https:\/\/rayosxdeoccidente.com\/index.php\/wp-json\/wp\/v2\/pages"}],"about":[{"href":"https:\/\/rayosxdeoccidente.com\/index.php\/wp-json\/wp\/v2\/types\/page"}],"author":[{"embeddable":true,"href":"https:\/\/rayosxdeoccidente.com\/index.php\/wp-json\/wp\/v2\/users\/1"}],"replies":[{"embeddable":true,"href":"https:\/\/rayosxdeoccidente.com\/index.php\/wp-json\/wp\/v2\/comments?post=434"}],"version-history":[{"count":1,"href":"https:\/\/rayosxdeoccidente.com\/index.php\/wp-json\/wp\/v2\/pages\/434\/revisions"}],"predecessor-version":[{"id":1201,"href":"https:\/\/rayosxdeoccidente.com\/index.php\/wp-json\/wp\/v2\/pages\/434\/revisions\/1201"}],"wp:attachment":[{"href":"https:\/\/rayosxdeoccidente.com\/index.php\/wp-json\/wp\/v2\/media?parent=434"}],"curies":[{"name":"wp","href":"https:\/\/api.w.org\/{rel}","templated":true}]}}