{"id":435,"date":"2014-12-17T23:01:51","date_gmt":"2014-12-17T23:01:51","guid":{"rendered":"http:\/\/solucion-maestra.com\/rayosx\/?page_id=90"},"modified":"2025-05-21T03:36:31","modified_gmt":"2025-05-21T01:36:31","slug":"doppler","status":"publish","type":"page","link":"https:\/\/rayosxdeoccidente.com\/index.php\/doppler\/","title":{"rendered":"Doppler"},"content":{"rendered":"\n<div class=\"margen\">\n<h3>Doppler<\/h3>\n<p><img decoding=\"async\" src=\"http:\/\/rayosxdeoccidente.com\/wp-content\/uploads\/2014\/12\/linea.jpg\" alt=\"\" \/><br \/><img loading=\"lazy\" decoding=\"async\" class=\"alignnone size-full wp-image-1202\" src=\"https:\/\/rayosxdeoccidente.com\/wp-content\/uploads\/2025\/05\/descarga-13.jpeg\" alt=\"\" width=\"275\" height=\"183\" \/><\/p>\n<p>La ecograf\u00eda doppler o simplemente eco-Doppler, es una variedad de la ecograf\u00eda tradicional la cual codifica mediante colores, las frecuencias de los ultrasonidos reflejados por una estructura en movimiento (efecto Doppler), que var\u00edan seg\u00fan su velocidad y su direcci\u00f3n respecto al detector.<\/p>\n<p>La t\u00e9cnica permite determinar si el flujo se dirige hacia la sonda o si se aleja de ella, as\u00ed como la velocidad de dicho flujo.<\/p>\n<p>La informaci\u00f3n Doppler se representa gr\u00e1ficamente con un Doppler espectral, o bien como una imagen usando Doppler direccional. La frecuencia Doppler cae en el rango audible y puede escucharse utilizando altavoces est\u00e9reo, produciendo un sonido puls\u00e1til distintivo.<\/p>\n<p>El Doppler color es, esencialmente, el sistema computacional incorporado a la m\u00e1quina de ultrasonido. Este asigna unidades de color dependiendo de la velocidad y direcci\u00f3n del flujo sangu\u00edneo. Por convenci\u00f3n, se ha asignado el color rojo para el flujo hacia el transductor y el azul para aquel que se aleja.<\/p>\n<\/div>\n\n","protected":false},"excerpt":{"rendered":"<p>Doppler La ecograf\u00eda doppler o simplemente eco-Doppler, es una variedad de la ecograf\u00eda tradicional la cual codifica mediante colores, las frecuencias de los ultrasonidos reflejados por una estructura en movimiento (efecto Doppler), que var\u00edan seg\u00fan su velocidad y su direcci\u00f3n respecto al detector. La t\u00e9cnica permite determinar si el flujo se dirige hacia la sonda [&#8230;]\n","protected":false},"author":1,"featured_media":0,"parent":0,"menu_order":0,"comment_status":"open","ping_status":"closed","template":"","meta":{"_joinchat":[],"footnotes":""},"class_list":["post-435","page","type-page","status-publish","hentry"],"_links":{"self":[{"href":"https:\/\/rayosxdeoccidente.com\/index.php\/wp-json\/wp\/v2\/pages\/435","targetHints":{"allow":["GET"]}}],"collection":[{"href":"https:\/\/rayosxdeoccidente.com\/index.php\/wp-json\/wp\/v2\/pages"}],"about":[{"href":"https:\/\/rayosxdeoccidente.com\/index.php\/wp-json\/wp\/v2\/types\/page"}],"author":[{"embeddable":true,"href":"https:\/\/rayosxdeoccidente.com\/index.php\/wp-json\/wp\/v2\/users\/1"}],"replies":[{"embeddable":true,"href":"https:\/\/rayosxdeoccidente.com\/index.php\/wp-json\/wp\/v2\/comments?post=435"}],"version-history":[{"count":1,"href":"https:\/\/rayosxdeoccidente.com\/index.php\/wp-json\/wp\/v2\/pages\/435\/revisions"}],"predecessor-version":[{"id":1203,"href":"https:\/\/rayosxdeoccidente.com\/index.php\/wp-json\/wp\/v2\/pages\/435\/revisions\/1203"}],"wp:attachment":[{"href":"https:\/\/rayosxdeoccidente.com\/index.php\/wp-json\/wp\/v2\/media?parent=435"}],"curies":[{"name":"wp","href":"https:\/\/api.w.org\/{rel}","templated":true}]}}