{"id":716,"date":"2022-09-23T16:14:15","date_gmt":"2022-09-23T21:14:15","guid":{"rendered":"http:\/\/rayosxdeoccidente.com\/?page_id=716"},"modified":"2025-05-21T03:20:10","modified_gmt":"2025-05-21T01:20:10","slug":"biopsia-de-mama","status":"publish","type":"page","link":"https:\/\/rayosxdeoccidente.com\/index.php\/biopsia-de-mama\/","title":{"rendered":"Biopsia de mama"},"content":{"rendered":"\n<h3><strong>BIOPSIA DE MAMA CON AGUJA (TRUCUT)<\/strong><\/h3>\n<p>\u00a0<\/p>\n<p><img loading=\"lazy\" decoding=\"async\" class=\"alignnone size-full wp-image-1192\" src=\"https:\/\/rayosxdeoccidente.com\/wp-content\/uploads\/2025\/05\/descarga-8.jpeg\" alt=\"\" width=\"272\" height=\"185\" \/><\/p>\n<p style=\"font-weight: 400;\"><strong>GUIADA POR ECOGRAF\u00cdA<\/strong><\/p>\n<p style=\"font-weight: 400;\"><strong>Una biopsia de seno guiada por ultrasonido utiliza ondas sonoras para ayudar a localizar una anormalidad y extraer una muestra de tejido para examinarla bajo microscopio. Es menos invasiva que la biopsia quir\u00fargica, deja poco o nada de cicatriz, y no requiere de la exposici\u00f3n a la radiaci\u00f3n ionizante<\/strong><\/p>\n<p>\u00a0<\/p>\n<p><img loading=\"lazy\" decoding=\"async\" class=\"alignnone size-full wp-image-1193\" src=\"https:\/\/rayosxdeoccidente.com\/wp-content\/uploads\/2025\/05\/descarga-9.jpeg\" alt=\"\" width=\"300\" height=\"168\" \/><\/p>\n<p style=\"font-weight: 400;\"><strong>BIOPSIA DE GLANDULA TIROIDES VIA PERCUTANEA -CON AGUJA FINA ,GUIADA POR ECOGRAFIA<\/strong><\/p>\n<p style=\"font-weight: 400;\"><strong>Durante una biopsia por aspiraci\u00f3n con aguja fina de la gl\u00e1ndula tiroides, una peque\u00f1a muestra de tejido es removida de la gl\u00e1ndula tiroides. La gl\u00e1ndula tiroides est\u00e1 ubicada enfrente del cuello, justo por arriba de la l\u00ednea del escote, y tiene la forma de una mariposa, con dos l\u00f3bulos a cada lado del cuello, conectados por una banda angosta de tejido.<\/strong><\/p>\n<p style=\"font-weight: 400;\"><strong>Los n\u00f3dulos o anormalidades en el cuerpo generalmente se detectan por estudios de diagn\u00f3stico por im\u00e1genes. Sin embargo, no siempre es posible detectar a trav\u00e9s de dichos diagn\u00f3sticos por im\u00e1genes si un n\u00f3dulo es cancer\u00edgeno o benigno.<\/strong><\/p>\n\n","protected":false},"excerpt":{"rendered":"<p>BIOPSIA DE MAMA CON AGUJA (TRUCUT) \u00a0 GUIADA POR ECOGRAF\u00cdA Una biopsia de seno guiada por ultrasonido utiliza ondas sonoras para ayudar a localizar una anormalidad y extraer una muestra de tejido para examinarla bajo microscopio. Es menos invasiva que la biopsia quir\u00fargica, deja poco o nada de cicatriz, y no requiere de la exposici\u00f3n [&#8230;]\n","protected":false},"author":1,"featured_media":0,"parent":0,"menu_order":0,"comment_status":"closed","ping_status":"closed","template":"","meta":{"_joinchat":[],"footnotes":""},"class_list":["post-716","page","type-page","status-publish","hentry"],"_links":{"self":[{"href":"https:\/\/rayosxdeoccidente.com\/index.php\/wp-json\/wp\/v2\/pages\/716","targetHints":{"allow":["GET"]}}],"collection":[{"href":"https:\/\/rayosxdeoccidente.com\/index.php\/wp-json\/wp\/v2\/pages"}],"about":[{"href":"https:\/\/rayosxdeoccidente.com\/index.php\/wp-json\/wp\/v2\/types\/page"}],"author":[{"embeddable":true,"href":"https:\/\/rayosxdeoccidente.com\/index.php\/wp-json\/wp\/v2\/users\/1"}],"replies":[{"embeddable":true,"href":"https:\/\/rayosxdeoccidente.com\/index.php\/wp-json\/wp\/v2\/comments?post=716"}],"version-history":[{"count":3,"href":"https:\/\/rayosxdeoccidente.com\/index.php\/wp-json\/wp\/v2\/pages\/716\/revisions"}],"predecessor-version":[{"id":1195,"href":"https:\/\/rayosxdeoccidente.com\/index.php\/wp-json\/wp\/v2\/pages\/716\/revisions\/1195"}],"wp:attachment":[{"href":"https:\/\/rayosxdeoccidente.com\/index.php\/wp-json\/wp\/v2\/media?parent=716"}],"curies":[{"name":"wp","href":"https:\/\/api.w.org\/{rel}","templated":true}]}}